{"id":16373,"date":"2024-01-22T09:54:07","date_gmt":"2024-01-22T09:54:07","guid":{"rendered":"https:\/\/www.italgomma2srl.it\/?page_id=16373"},"modified":"2024-01-22T09:54:41","modified_gmt":"2024-01-22T09:54:41","slug":"legal-notes","status":"publish","type":"page","link":"https:\/\/www.italgomma2srl.it\/en\/legal-notices\/","title":{"rendered":"Legal Notices"},"content":{"rendered":"\t\t<div data-elementor-type=\"wp-page\" data-elementor-id=\"16373\" class=\"elementor elementor-16373 elementor-16308\" data-elementor-post-type=\"page\">\n\t\t\t\t\t\t<section class=\"elementor-section elementor-top-section elementor-element elementor-element-b93b9ec elementor-section-boxed elementor-section-height-default elementor-section-height-default\" data-id=\"b93b9ec\" data-element_type=\"section\">\n\t\t\t\t\t\t<div class=\"elementor-container elementor-column-gap-default\">\n\t\t\t\t\t<div class=\"elementor-column elementor-col-100 elementor-top-column elementor-element elementor-element-595ed6f\" data-id=\"595ed6f\" data-element_type=\"column\">\n\t\t\t<div class=\"elementor-widget-wrap elementor-element-populated\">\n\t\t\t\t\t\t<div class=\"elementor-element elementor-element-7e89790 elementor-widget elementor-widget-text-editor\" data-id=\"7e89790\" data-element_type=\"widget\" data-widget_type=\"text-editor.default\">\n\t\t\t\t<div class=\"elementor-widget-container\">\n\t\t\t\t\t\t\t\t\t<p class=\"p1\"><span class=\"s1\"><b>Definizioni<\/b><br \/>SOCIET\u00c0: Italgomma2 S.r.l. Via Maestri del Lavoro n.5, Lemignano di Collecchio (PR), P.IVA 02771690340 contattabile al 0521 304313 o alla email info@italgomma2srl.it<\/span><\/p><p class=\"p1\"><span class=\"s1\">SITO: il sito www.italgomma2srl.it inclusivo dei suoi sotto-siti riconducibili direttamente a SOCIET\u00c0 e\/o facenti capo a domini riferibili alla SOCIET\u00c0.<\/span><\/p><p class=\"p1\"><span class=\"s1\">CONTENUTI: i contenuti testuali, gli elementi grafici e fotografici, i marchi e loghi, i nomi a dominio, i contenuti sonori, musicali, video, audiovisivi, le funzionalit\u00e0, la documentazione tecnica e i manuali e qualsiasi materiale visualizzabile e accessibile attraverso il SITO.<\/span><\/p><p class=\"p1\"><span class=\"s1\">VISITATORE: chiunque naviga nel SITO<br \/>L\u2019accesso, la consultazione e l\u2019utilizzo delle pagine del presente SITO comportano l\u2019integrale accettazione da parte del VISITATORE di tutto quanto asserito nel presente documento. La navigazione del Sito \u00e8 da considerarsi complessivamente a titolo gratuito fatti salvi gli eventuali costi di connessione a carico del VISITATORE.<\/span><\/p><p class=\"p1\"><span class=\"s1\"><b>Copyright<br \/><\/b>I CONTENUTI del SITO sono di propriet\u00e0 della SOCIET\u00c0 e sono coperti da copyright.<b><br \/><\/b>Al VISITATORE \u00e8 vietato copiare, pubblicare, diffondere, trasmettere o rendere altrimenti disponibili, anche parzialmente e\/o a seguito di modificazioni, qualsiasi contenuto pubblicato nel presente SITO, pena la possibilit\u00e0 di incorrere in sanzioni civili e penali. \u00c8 altres\u00ec vietata la riproduzione della grafica del SITO; gli elementi costitutivi del SITO sono tutelati da accordi commerciali e il loro utilizzo \u00e8 conforme alle leggi sui marchi registrati, sulla concorrenza e altre leggi e non possono essere copiati o imitati. <\/span><\/p><p class=\"p1\"><span class=\"s1\"><b>Esenzione di responsabilit\u00e0<br \/><\/b>Tutti i contenuti pubblicati sul SITO sono forniti a mero scopo di informazione generale, senza fornire garanzie sulla loro accuratezza e completezza. SOCIET\u00c0 si riserva il diritto di modificare ed aggiornare detti contenuti senza preavviso alcuno e senza poter essere ritenuta responsabile per ogni e qualsiasi danno, diretto o indiretto, ivi compreso il lucro cessante, derivante dall\u2019utilizzo o dall\u2019impossibilit\u00e0 di utilizzo del SITO e dei suoi contenuti, o di siti ad esso collegati direttamente o indirettamente, cos\u00ec come da omissioni o errori.<\/span><\/p><p class=\"p1\"><span class=\"s1\"><b>Marchi<\/b><\/span><\/p><p class=\"p1\"><span class=\"s1\">I nomi di prodotti e societ\u00e0 citati nel presente SITO possono essere marchi dei rispettivi proprietari, \u00e8 fatto perci\u00f2 espresso divieto all\u2019utilizzo non autorizzato degli stessi.<\/span><\/p><p class=\"p1\"><span class=\"s1\"><b>Legge Applicabile<\/b><\/span><\/p><p class=\"p1\"><span class=\"s1\">Fatta salva ogni diversa disposizione di legge, tutte le eventuali controversie o liti che dovessero insorgere in merito a qualunque utilizzo del SITO o dei CONTENUTI tra la SOCIET\u00c0 ed il VISITATORE o con i soggetti che hanno collaborato o collaboreranno alla sua pubblicazione o alla stesura o aggiornamento dei CONTENUTI, la giurisdizione accettata \u00e8 quella dello Stato Italiano e, comunque, la legge applicabile \u00e8 quelle italiana in vigore al momento della lite.<\/span><\/p>\t\t\t\t\t\t\t\t<\/div>\n\t\t\t\t<\/div>\n\t\t\t\t\t<\/div>\n\t\t<\/div>\n\t\t\t\t\t<\/div>\n\t\t<\/section>\n\t\t\t\t<\/div>\n\t\t","protected":false},"excerpt":{"rendered":"<p>Definitions COMPANY: Italgomma2 S.R.L., Via Maestri del Lavoro, 5, Lemignano di Collecchio (PR), who may also be reached by calling [&hellip;]<\/p>\n","protected":false},"author":1,"featured_media":0,"parent":0,"menu_order":0,"comment_status":"closed","ping_status":"closed","template":"","meta":{"_acf_changed":false,"footnotes":""},"class_list":["post-16373","page","type-page","status-publish","hentry"],"acf":[],"yoast_head":"<!-- This site is optimized with the Yoast SEO plugin v27.6 - https:\/\/yoast.com\/product\/yoast-seo-wordpress\/ -->\n<title>Legal Notices - Italgomma2<\/title>\n<meta name=\"robots\" content=\"index, follow, max-snippet:-1, max-image-preview:large, max-video-preview:-1\" \/>\n<link rel=\"canonical\" href=\"https:\/\/www.italgomma2srl.it\/en\/legal-notices\/\" \/>\n<meta property=\"og:locale\" content=\"en_US\" \/>\n<meta property=\"og:type\" content=\"article\" \/>\n<meta property=\"og:title\" content=\"Legal Notices - Italgomma2\" \/>\n<meta property=\"og:description\" content=\"Definitions COMPANY: Italgomma2 S.R.L., Via Maestri del Lavoro, 5, Lemignano di Collecchio (PR), who may also be reached by calling [&hellip;]\" \/>\n<meta property=\"og:url\" content=\"https:\/\/www.italgomma2srl.it\/en\/legal-notices\/\" \/>\n<meta property=\"og:site_name\" content=\"Italgomma2\" \/>\n<meta property=\"article:modified_time\" content=\"2024-01-22T09:54:41+00:00\" \/>\n<meta name=\"twitter:card\" content=\"summary_large_image\" \/>\n<meta name=\"twitter:label1\" content=\"Est. reading time\" \/>\n\t<meta name=\"twitter:data1\" content=\"3 minutes\" \/>\n<script type=\"application\/ld+json\" class=\"yoast-schema-graph\">{\"@context\":\"https:\\\/\\\/schema.org\",\"@graph\":[{\"@type\":\"WebPage\",\"@id\":\"https:\\\/\\\/www.italgomma2srl.it\\\/en\\\/legal-notices\\\/\",\"url\":\"https:\\\/\\\/www.italgomma2srl.it\\\/en\\\/legal-notices\\\/\",\"name\":\"Legal Notices - Italgomma2\",\"isPartOf\":{\"@id\":\"https:\\\/\\\/www.italgomma2srl.it\\\/en\\\/#website\"},\"datePublished\":\"2024-01-22T09:54:07+00:00\",\"dateModified\":\"2024-01-22T09:54:41+00:00\",\"breadcrumb\":{\"@id\":\"https:\\\/\\\/www.italgomma2srl.it\\\/en\\\/legal-notices\\\/#breadcrumb\"},\"inLanguage\":\"en-US\",\"potentialAction\":[{\"@type\":\"ReadAction\",\"target\":[\"https:\\\/\\\/www.italgomma2srl.it\\\/en\\\/legal-notices\\\/\"]}]},{\"@type\":\"BreadcrumbList\",\"@id\":\"https:\\\/\\\/www.italgomma2srl.it\\\/en\\\/legal-notices\\\/#breadcrumb\",\"itemListElement\":[{\"@type\":\"ListItem\",\"position\":1,\"name\":\"Home\",\"item\":\"https:\\\/\\\/www.italgomma2srl.it\\\/en\\\/\"},{\"@type\":\"ListItem\",\"position\":2,\"name\":\"Legal Notices\"}]},{\"@type\":\"WebSite\",\"@id\":\"https:\\\/\\\/www.italgomma2srl.it\\\/en\\\/#website\",\"url\":\"https:\\\/\\\/www.italgomma2srl.it\\\/en\\\/\",\"name\":\"Italgomma2\",\"description\":\"Produzione e Vendita Tubi in gomma\",\"publisher\":{\"@id\":\"https:\\\/\\\/www.italgomma2srl.it\\\/en\\\/#organization\"},\"potentialAction\":[{\"@type\":\"SearchAction\",\"target\":{\"@type\":\"EntryPoint\",\"urlTemplate\":\"https:\\\/\\\/www.italgomma2srl.it\\\/en\\\/?s={search_term_string}\"},\"query-input\":{\"@type\":\"PropertyValueSpecification\",\"valueRequired\":true,\"valueName\":\"search_term_string\"}}],\"inLanguage\":\"en-US\"},{\"@type\":\"Organization\",\"@id\":\"https:\\\/\\\/www.italgomma2srl.it\\\/en\\\/#organization\",\"name\":\"Italgomma2\",\"url\":\"https:\\\/\\\/www.italgomma2srl.it\\\/en\\\/\",\"logo\":{\"@type\":\"ImageObject\",\"inLanguage\":\"en-US\",\"@id\":\"https:\\\/\\\/www.italgomma2srl.it\\\/en\\\/#\\\/schema\\\/logo\\\/image\\\/\",\"url\":\"https:\\\/\\\/www.italgomma2srl.it\\\/wp-content\\\/uploads\\\/2016\\\/10\\\/logo-italgomma2.png\",\"contentUrl\":\"https:\\\/\\\/www.italgomma2srl.it\\\/wp-content\\\/uploads\\\/2016\\\/10\\\/logo-italgomma2.png\",\"width\":500,\"height\":61,\"caption\":\"Italgomma2\"},\"image\":{\"@id\":\"https:\\\/\\\/www.italgomma2srl.it\\\/en\\\/#\\\/schema\\\/logo\\\/image\\\/\"}}]}<\/script>\n<!-- \/ Yoast SEO plugin. -->","yoast_head_json":{"title":"Legal Notices - Italgomma2","robots":{"index":"index","follow":"follow","max-snippet":"max-snippet:-1","max-image-preview":"max-image-preview:large","max-video-preview":"max-video-preview:-1"},"canonical":"https:\/\/www.italgomma2srl.it\/en\/legal-notices\/","og_locale":"en_US","og_type":"article","og_title":"Legal Notices - Italgomma2","og_description":"Definitions COMPANY: Italgomma2 S.R.L., Via Maestri del Lavoro, 5, Lemignano di Collecchio (PR), who may also be reached by calling [&hellip;]","og_url":"https:\/\/www.italgomma2srl.it\/en\/legal-notices\/","og_site_name":"Italgomma2","article_modified_time":"2024-01-22T09:54:41+00:00","twitter_card":"summary_large_image","twitter_misc":{"Est. reading time":"3 minutes"},"schema":{"@context":"https:\/\/schema.org","@graph":[{"@type":"WebPage","@id":"https:\/\/www.italgomma2srl.it\/en\/legal-notices\/","url":"https:\/\/www.italgomma2srl.it\/en\/legal-notices\/","name":"Legal Notices - Italgomma2","isPartOf":{"@id":"https:\/\/www.italgomma2srl.it\/en\/#website"},"datePublished":"2024-01-22T09:54:07+00:00","dateModified":"2024-01-22T09:54:41+00:00","breadcrumb":{"@id":"https:\/\/www.italgomma2srl.it\/en\/legal-notices\/#breadcrumb"},"inLanguage":"en-US","potentialAction":[{"@type":"ReadAction","target":["https:\/\/www.italgomma2srl.it\/en\/legal-notices\/"]}]},{"@type":"BreadcrumbList","@id":"https:\/\/www.italgomma2srl.it\/en\/legal-notices\/#breadcrumb","itemListElement":[{"@type":"ListItem","position":1,"name":"Home","item":"https:\/\/www.italgomma2srl.it\/en\/"},{"@type":"ListItem","position":2,"name":"Legal Notices"}]},{"@type":"WebSite","@id":"https:\/\/www.italgomma2srl.it\/en\/#website","url":"https:\/\/www.italgomma2srl.it\/en\/","name":"Italgomma2","description":"Produzione e Vendita Tubi in gomma","publisher":{"@id":"https:\/\/www.italgomma2srl.it\/en\/#organization"},"potentialAction":[{"@type":"SearchAction","target":{"@type":"EntryPoint","urlTemplate":"https:\/\/www.italgomma2srl.it\/en\/?s={search_term_string}"},"query-input":{"@type":"PropertyValueSpecification","valueRequired":true,"valueName":"search_term_string"}}],"inLanguage":"en-US"},{"@type":"Organization","@id":"https:\/\/www.italgomma2srl.it\/en\/#organization","name":"Italgomma2","url":"https:\/\/www.italgomma2srl.it\/en\/","logo":{"@type":"ImageObject","inLanguage":"en-US","@id":"https:\/\/www.italgomma2srl.it\/en\/#\/schema\/logo\/image\/","url":"https:\/\/www.italgomma2srl.it\/wp-content\/uploads\/2016\/10\/logo-italgomma2.png","contentUrl":"https:\/\/www.italgomma2srl.it\/wp-content\/uploads\/2016\/10\/logo-italgomma2.png","width":500,"height":61,"caption":"Italgomma2"},"image":{"@id":"https:\/\/www.italgomma2srl.it\/en\/#\/schema\/logo\/image\/"}}]}},"_links":{"self":[{"href":"https:\/\/www.italgomma2srl.it\/en\/wp-json\/wp\/v2\/pages\/16373","targetHints":{"allow":["GET"]}}],"collection":[{"href":"https:\/\/www.italgomma2srl.it\/en\/wp-json\/wp\/v2\/pages"}],"about":[{"href":"https:\/\/www.italgomma2srl.it\/en\/wp-json\/wp\/v2\/types\/page"}],"author":[{"embeddable":true,"href":"https:\/\/www.italgomma2srl.it\/en\/wp-json\/wp\/v2\/users\/1"}],"replies":[{"embeddable":true,"href":"https:\/\/www.italgomma2srl.it\/en\/wp-json\/wp\/v2\/comments?post=16373"}],"version-history":[{"count":2,"href":"https:\/\/www.italgomma2srl.it\/en\/wp-json\/wp\/v2\/pages\/16373\/revisions"}],"predecessor-version":[{"id":16375,"href":"https:\/\/www.italgomma2srl.it\/en\/wp-json\/wp\/v2\/pages\/16373\/revisions\/16375"}],"wp:attachment":[{"href":"https:\/\/www.italgomma2srl.it\/en\/wp-json\/wp\/v2\/media?parent=16373"}],"curies":[{"name":"wp","href":"https:\/\/api.w.org\/{rel}","templated":true}]}}